{"id":134484,"date":"2019-05-22T15:27:18","date_gmt":"2019-05-22T13:27:18","guid":{"rendered":"https:\/\/international-coach.de\/coaching\/"},"modified":"2019-05-22T15:27:18","modified_gmt":"2019-05-22T13:27:18","slug":"coaching","status":"publish","type":"page","link":"https:\/\/international-coach.de\/en\/coaching\/","title":{"rendered":"Coaching"},"content":{"rendered":"<div id=\"x-section-1\" class=\"x-section\" style=\"margin: 0px 0px 0px 0px; padding: 45px 0px 45px 0px;  background-color: transparent;\" ><div id=\"\" class=\"x-container max width\" style=\"margin: 0px auto 0px auto; padding: 0px 0px 0px 0px; \" ><div  class=\"x-column x-sm x-1-1\" style=\"padding: 0px 0px 0px 0px; \" ><div  class=\"x-video player with-container\" data-x-element-mejs=\"{&quot;poster&quot;:&quot;http:\\\/\\\/international-coach.de\\\/wp-content\\\/uploads\\\/2015\\\/07\\\/What-Is-Coaching_Preview.png&quot;}\"  data-x-video-options=''><div class=\"x-video-inner video\/mp4 \"><video class=\"x-mejs has-stack-styles advanced-controls\" poster=\"http:\/\/international-coach.de\/wp-content\/uploads\/2015\/07\/What-Is-Coaching_Preview.png\" preload=\"auto\"><source src=\"http:\/\/international-coach.de\/wp-content\/uploads\/2015\/07\/What-Is-Coaching-GERMAN.normal800x480.mp4\" type=\"video\/mp4\"><\/video><\/div><\/div><\/div><\/div><\/div><div id=\"x-section-2\" class=\"x-section\" style=\"margin: 0px 0px 0px 0px; padding: 0px 0px 45px 0px;  background-color: transparent;\" ><div id=\"\" class=\"x-container max width\" style=\"margin: 0px auto 0px auto; padding: 0px 0px 0px 0px; \" ><div  class=\"x-column x-sm x-1-1\" style=\"padding: 0px 0px 0px 0px; \" ><div  class=\"x-prompt message-left\" ><div class=\"x-prompt-section x-prompt-section-message\"><h2 class=\"h-prompt\">For everybody who wants to know more...<\/h2><p class=\"p-prompt\">You would like to know more about what coaching really is? What separates one coach from another? Or maybe even learn some coaching skills yourself?<\/p><\/div><div class=\"x-prompt-section x-prompt-section-button\"><div class=\"x-btn-circle-wrap x-btn-block mbn\"><a href=\"http:\/\/international-coach.de\/en\/what-is-coaching\/\" class=\"x-btn x-btn-block\" title=\"Find answers here!\" ><i class=\"x-icon-lightbulb-o mvn mls mrs\" data-x-icon-s=\"&#xf0eb;\"><\/i>Find answers here!<\/a><\/div><\/div><\/div><\/div><\/div><\/div><div id=\"x-section-3\" class=\"x-section justify-text\" style=\"margin: 0px 0px 0px 0px; padding: 0px 0px 45px 0px;  background-color: transparent;\" ><div id=\"\" class=\"x-container max width\" style=\"margin: 0px auto 0px auto; padding: 0px 0px 0px 0px; \" ><div  class=\"x-column x-sm x-1-1\" style=\"padding: 0px 0px 0px 0px; \" ><h2  class=\"h-custom-headline h3\" ><span>Life or Business Coaching?<\/span><\/h2><div id=\"\" class=\"x-text\" style=\"\" ><p>Die International Coach Federation erkl\u00e4rt Coaching als einen partnerschaftlichen und zum Nachdenken anregenden Prozess, der Menschen und Organisationen kreativ dabei unterst\u00fctzt, ihr pers\u00f6nliches und professionelles Potential zu steigern. Je nach Umfeld des Coachings wird also zwischen pers\u00f6nlichem Coaching (Personal Coaching) und beruflichem Coaching (Business Coaching) unterschieden. Das Personal Coaching wird meist vom Coachee, also demjenigen, der gecoached wird, initiiert. Business Coachings gehen dagegen meist vom Arbeitgeber aus \u2013 denn gute Arbeitgeber unterst\u00fctzen ihre Mitarbeiter dabei, ihr volles Potential zu realisieren.<\/p>\n<\/div><\/div><\/div><div id=\"\" class=\"x-container max width\" style=\"margin: 0px auto 0px auto; padding: 0px 0px 0px 0px; \" ><div  class=\"x-column x-sm x-1-2\" style=\"padding: 0px 0px 0px 0px; \" ><a  class=\"x-btn x-btn-mini x-btn-block\"  href=\"\/?page_id=572\"     data-options=\"thumbnail: ''\">More about Life Coaching<\/a><\/div><div  class=\"x-column x-sm x-1-2\" style=\"padding: 0px 0px 0px 0px; \" ><a  class=\"x-btn x-btn-mini x-btn-block\"  href=\"\/?page_id=575\"     data-options=\"thumbnail: ''\">More about Business Coaching<\/a><\/div><\/div><\/div><div id=\"x-section-4\" class=\"x-section justify-text\" style=\"margin: 0px 0px 0px 0px; padding: 0px 0px 45px 0px;  background-color: transparent;\" ><div id=\"\" class=\"x-container max width\" style=\"margin: 0px auto 0px auto; padding: 0px 0px 0px 0px; \" ><div  class=\"x-column x-sm x-1-1\" style=\"padding: 0px 0px 0px 0px; \" ><h2  class=\"h-custom-headline h3\" ><span>NEW: International Coach Intensive and Management Days<\/span><\/h2><div id=\"\" class=\"x-text\" style=\"\" ><p>Viele Unternehmen &#8211; gerade kleine und mittelst\u00e4ndische Firmen &#8211; k\u00f6nnen sich einen Vollzeit-Coach oder die Ausbildung eigener Coaches nicht leisten. Sie w\u00fcnschen sich, dass jemand regelm\u00e4ssig zu ihnen ins Unternehmen kommt und flexibel unterst\u00fctzt: als Manager, Trainer, Mentor oder Coach. Entweder je nach aktuellem Bedarf oder entsprechend vorher abgestimmten Zielen. Und das ganze zu Kosten, die auch Kleinunternehmen gerne aufwenden. Die Intensiv- &#038; Manager-Tage von International Coach sind daf\u00fcr die perfekte, flexible L\u00f6sung!<\/p>\n<\/div><\/div><\/div><div id=\"\" class=\"x-container max width\" style=\"margin: 0px auto 0px auto; padding: 0px 0px 0px 0px; \" ><div  class=\"x-column x-sm x-1-3\" style=\"padding: 0px 0px 0px 0px; \" ><div id=\"\" class=\"x-text\" style=\"\" ><p>&nbsp;<\/p>\n<\/div><\/div><div  class=\"x-column x-sm x-1-3\" style=\"padding: 0px 0px 0px 0px; \" ><a  class=\"x-btn x-btn-mini x-btn-block\"  href=\"\/?page_id=434\"     data-options=\"thumbnail: ''\">More about Intensive and Manager Days<\/a><\/div><div  class=\"x-column x-sm x-1-3\" style=\"padding: 0px 0px 0px 0px; \" ><div id=\"\" class=\"x-text\" style=\"\" ><p>&nbsp;<\/p>\n<\/div><\/div><\/div><\/div>\n","protected":false},"excerpt":{"rendered":"","protected":false},"author":2,"featured_media":0,"parent":0,"menu_order":3,"comment_status":"closed","ping_status":"closed","template":"template-blank-4.php","meta":{"rs_blank_template":"","rs_page_bg_color":"","slide_template_v7":"","footnotes":""},"class_list":["post-134484","page","type-page","status-publish","hentry","no-post-thumbnail"],"yoast_head":"<!-- This site is optimized with the Yoast SEO plugin v27.4 - https:\/\/yoast.com\/product\/yoast-seo-wordpress\/ -->\n<title>Coaching - ICWeb<\/title>\n<meta name=\"robots\" content=\"index, follow, max-snippet:-1, max-image-preview:large, max-video-preview:-1\" \/>\n<link rel=\"canonical\" href=\"https:\/\/international-coach.de\/en\/coaching\/\" \/>\n<meta property=\"og:locale\" content=\"en_US\" \/>\n<meta property=\"og:type\" content=\"article\" \/>\n<meta property=\"og:title\" content=\"Coaching - ICWeb\" \/>\n<meta property=\"og:url\" content=\"https:\/\/international-coach.de\/en\/coaching\/\" \/>\n<meta property=\"og:site_name\" content=\"ICWeb\" \/>\n<meta name=\"twitter:label1\" content=\"Est. reading time\" \/>\n\t<meta name=\"twitter:data1\" content=\"4 minutes\" \/>\n<script type=\"application\/ld+json\" class=\"yoast-schema-graph\">{\"@context\":\"https:\\\/\\\/schema.org\",\"@graph\":[{\"@type\":\"WebPage\",\"@id\":\"https:\\\/\\\/international-coach.de\\\/en\\\/coaching\\\/\",\"url\":\"https:\\\/\\\/international-coach.de\\\/en\\\/coaching\\\/\",\"name\":\"Coaching - ICWeb\",\"isPartOf\":{\"@id\":\"https:\\\/\\\/international-coach.de\\\/en\\\/#website\"},\"datePublished\":\"2019-05-22T13:27:18+00:00\",\"breadcrumb\":{\"@id\":\"https:\\\/\\\/international-coach.de\\\/en\\\/coaching\\\/#breadcrumb\"},\"inLanguage\":\"en-US\",\"potentialAction\":[{\"@type\":\"ReadAction\",\"target\":[\"https:\\\/\\\/international-coach.de\\\/en\\\/coaching\\\/\"]}]},{\"@type\":\"BreadcrumbList\",\"@id\":\"https:\\\/\\\/international-coach.de\\\/en\\\/coaching\\\/#breadcrumb\",\"itemListElement\":[{\"@type\":\"ListItem\",\"position\":1,\"name\":\"Home\",\"item\":\"https:\\\/\\\/international-coach.de\\\/en\\\/\"},{\"@type\":\"ListItem\",\"position\":2,\"name\":\"Coaching\"}]},{\"@type\":\"WebSite\",\"@id\":\"https:\\\/\\\/international-coach.de\\\/en\\\/#website\",\"url\":\"https:\\\/\\\/international-coach.de\\\/en\\\/\",\"name\":\"ICWeb\",\"description\":\"Unlock Your Potential - Entdecke Dein Potenzial\",\"publisher\":{\"@id\":\"https:\\\/\\\/international-coach.de\\\/en\\\/#organization\"},\"potentialAction\":[{\"@type\":\"SearchAction\",\"target\":{\"@type\":\"EntryPoint\",\"urlTemplate\":\"https:\\\/\\\/international-coach.de\\\/en\\\/?s={search_term_string}\"},\"query-input\":{\"@type\":\"PropertyValueSpecification\",\"valueRequired\":true,\"valueName\":\"search_term_string\"}}],\"inLanguage\":\"en-US\"},{\"@type\":\"Organization\",\"@id\":\"https:\\\/\\\/international-coach.de\\\/en\\\/#organization\",\"name\":\"International Coach\",\"url\":\"https:\\\/\\\/international-coach.de\\\/en\\\/\",\"logo\":{\"@type\":\"ImageObject\",\"inLanguage\":\"en-US\",\"@id\":\"https:\\\/\\\/international-coach.de\\\/en\\\/#\\\/schema\\\/logo\\\/image\\\/\",\"url\":\"https:\\\/\\\/international-coach.de\\\/wp-content\\\/uploads\\\/2015\\\/03\\\/IC_International_Coach_Screen_halb_schwarz.png\",\"contentUrl\":\"https:\\\/\\\/international-coach.de\\\/wp-content\\\/uploads\\\/2015\\\/03\\\/IC_International_Coach_Screen_halb_schwarz.png\",\"width\":300,\"height\":91,\"caption\":\"International Coach\"},\"image\":{\"@id\":\"https:\\\/\\\/international-coach.de\\\/en\\\/#\\\/schema\\\/logo\\\/image\\\/\"}}]}<\/script>\n<!-- \/ Yoast SEO plugin. -->","yoast_head_json":{"title":"Coaching - ICWeb","robots":{"index":"index","follow":"follow","max-snippet":"max-snippet:-1","max-image-preview":"max-image-preview:large","max-video-preview":"max-video-preview:-1"},"canonical":"https:\/\/international-coach.de\/en\/coaching\/","og_locale":"en_US","og_type":"article","og_title":"Coaching - ICWeb","og_url":"https:\/\/international-coach.de\/en\/coaching\/","og_site_name":"ICWeb","twitter_misc":{"Est. reading time":"4 minutes"},"schema":{"@context":"https:\/\/schema.org","@graph":[{"@type":"WebPage","@id":"https:\/\/international-coach.de\/en\/coaching\/","url":"https:\/\/international-coach.de\/en\/coaching\/","name":"Coaching - ICWeb","isPartOf":{"@id":"https:\/\/international-coach.de\/en\/#website"},"datePublished":"2019-05-22T13:27:18+00:00","breadcrumb":{"@id":"https:\/\/international-coach.de\/en\/coaching\/#breadcrumb"},"inLanguage":"en-US","potentialAction":[{"@type":"ReadAction","target":["https:\/\/international-coach.de\/en\/coaching\/"]}]},{"@type":"BreadcrumbList","@id":"https:\/\/international-coach.de\/en\/coaching\/#breadcrumb","itemListElement":[{"@type":"ListItem","position":1,"name":"Home","item":"https:\/\/international-coach.de\/en\/"},{"@type":"ListItem","position":2,"name":"Coaching"}]},{"@type":"WebSite","@id":"https:\/\/international-coach.de\/en\/#website","url":"https:\/\/international-coach.de\/en\/","name":"ICWeb","description":"Unlock Your Potential - Entdecke Dein Potenzial","publisher":{"@id":"https:\/\/international-coach.de\/en\/#organization"},"potentialAction":[{"@type":"SearchAction","target":{"@type":"EntryPoint","urlTemplate":"https:\/\/international-coach.de\/en\/?s={search_term_string}"},"query-input":{"@type":"PropertyValueSpecification","valueRequired":true,"valueName":"search_term_string"}}],"inLanguage":"en-US"},{"@type":"Organization","@id":"https:\/\/international-coach.de\/en\/#organization","name":"International Coach","url":"https:\/\/international-coach.de\/en\/","logo":{"@type":"ImageObject","inLanguage":"en-US","@id":"https:\/\/international-coach.de\/en\/#\/schema\/logo\/image\/","url":"https:\/\/international-coach.de\/wp-content\/uploads\/2015\/03\/IC_International_Coach_Screen_halb_schwarz.png","contentUrl":"https:\/\/international-coach.de\/wp-content\/uploads\/2015\/03\/IC_International_Coach_Screen_halb_schwarz.png","width":300,"height":91,"caption":"International Coach"},"image":{"@id":"https:\/\/international-coach.de\/en\/#\/schema\/logo\/image\/"}}]}},"amp_enabled":false,"_links":{"self":[{"href":"https:\/\/international-coach.de\/en\/wp-json\/wp\/v2\/pages\/134484","targetHints":{"allow":["GET"]}}],"collection":[{"href":"https:\/\/international-coach.de\/en\/wp-json\/wp\/v2\/pages"}],"about":[{"href":"https:\/\/international-coach.de\/en\/wp-json\/wp\/v2\/types\/page"}],"author":[{"embeddable":true,"href":"https:\/\/international-coach.de\/en\/wp-json\/wp\/v2\/users\/2"}],"replies":[{"embeddable":true,"href":"https:\/\/international-coach.de\/en\/wp-json\/wp\/v2\/comments?post=134484"}],"version-history":[{"count":1,"href":"https:\/\/international-coach.de\/en\/wp-json\/wp\/v2\/pages\/134484\/revisions"}],"predecessor-version":[{"id":134485,"href":"https:\/\/international-coach.de\/en\/wp-json\/wp\/v2\/pages\/134484\/revisions\/134485"}],"wp:attachment":[{"href":"https:\/\/international-coach.de\/en\/wp-json\/wp\/v2\/media?parent=134484"}],"curies":[{"name":"wp","href":"https:\/\/api.w.org\/{rel}","templated":true}]}}